{"id":27217,"date":"2023-10-18T11:49:38","date_gmt":"2023-10-18T10:49:38","guid":{"rendered":"https:\/\/calbernadas.com\/?page_id=27217"},"modified":"2023-10-18T12:00:38","modified_gmt":"2023-10-18T11:00:38","slug":"declaracio-daccessibilitat","status":"publish","type":"page","link":"https:\/\/calbernadas.com\/ca\/declaracio-daccessibilitat\/","title":{"rendered":"Declaraci\u00f3 d\u2019accessibilitat"},"content":{"rendered":"<p>[vc_row full_width=&#8221;stretch_row&#8221; css=&#8221;.vc_custom_1478145466144{padding-top: 80px !important;padding-bottom: 80px !important;background-image: url(https:\/\/calbernadas.com\/wp-content\/uploads\/2016\/10\/CB_TR_HOME_capcalera-1.jpg?id=12481) !important;}&#8221;][vc_column width=&#8221;1\/6&#8243;][\/vc_column][vc_column width=&#8221;2\/3&#8243;][cs_custom_heading text=&#8221;Declaraci\u00f3 d\u2019accessibilitat&#8221; font_container=&#8221;tag:h1|font_size:40px|text_align:center|color:%23ffffff&#8221; font_format=&#8221;700&#8243; style=&#8221;style-none&#8221; el_class=&#8221;cm-tailor-title-site&#8221;][\/vc_column][vc_column width=&#8221;1\/6&#8243;][\/vc_column][\/vc_row][vc_row full_width=&#8221;stretch_row_content&#8221; css=&#8221;.vc_custom_1574090377491{padding-top: 80px !important;}&#8221;][vc_column][vc_column_text css=&#8221;.vc_custom_1697626175446{padding-top: 30px !important;padding-right: 22% !important;padding-bottom: 30px !important;padding-left: 22% !important;}&#8221;]CAL BERNAD\u00c0S t\u00e9 com a comprom\u00eds crear i publicar webs amb disseny universal i continguts accessibles per al m\u00e0xim nombre possible d\u2019usuaris i usu\u00e0ries i apropar, aix\u00ed, la comunicaci\u00f3 municipal i l\u2019\u00fas de les noves tecnologies a la ciutadania.<\/p>\n<p>Per dur a terme aquest objectiu, aplica la normativa est\u00e0ndard WAI (Web Accessibility Initiative) adoptada per la Uni\u00f3 Europea. La finalitat \u00e9s que la majoria de webs de www.calbernadas.com compleixin les pautes d\u2019accessibilitat de nivell AA definides per les normes WAI (WCAG 2.1).<\/p>\n<p>Aix\u00f2 significa que tant una persona amb algun tipus de discapacitat com qualsevol altra que es trobi en una circumst\u00e0ncia que dificulti l\u2019acc\u00e9s a la informaci\u00f3 de la p\u00e0gina web podr\u00e0 accedir als continguts amb \u00e8xit.<\/p>\n<p>GESTI\u00d3 I ASSESS. AIOS, S.L.U. s\u2019ha comprom\u00e8s a fer accessibles els seus webs de conformitat amb el\u00a0<a href=\"https:\/\/www.boe.es\/boe_catalan\/dias\/2018\/09\/19\/pdfs\/BOE-A-2018-12699-C.pdf\" target=\"_blank\" rel=\"noopener\">(d\u2019ara endavant, Reial decret 1112\/2018, de 7 de setembre). La majoria dels webs de la instituci\u00f3 s\u00f3n parcialment conformes amb la legislaci\u00f3 vigent i es treballa di\u00e0riament per assolir nivells \u00f2ptims d\u2019accessibilitat.<\/a><\/p>\n<p>L\u2019evoluci\u00f3 de les noves tecnologies de la informaci\u00f3, tant en format web com en format multidispositiu, permet que els continguts oferts a trav\u00e9s d\u2019internet siguin cada vegada m\u00e9s accessibles. CAL BERNAD\u00c0S, en l\u00ednia amb el comprom\u00eds adquirit amb l\u2019accessibilitat universal, ha considerat que la divulgaci\u00f3 de la informaci\u00f3 sobre l\u2019accessibilitat web i de multidispositiu \u00e9s un servei important per a aquells usuaris i aquelles usu\u00e0ries que necessitin una guia per accedir sense dificultat a la web de <a href=\"http:\/\/www.calbernadas.com\">www.calbernadas.com<\/a> i per aquest motiu posa a disposici\u00f3 aquest lloc web amb recursos que facilitin la navegaci\u00f3 per a totes les persones.[\/vc_column_text][\/vc_column][\/vc_row]<\/p>\n","protected":false},"excerpt":{"rendered":"<p>[vc_row full_width=&#8221;stretch_row&#8221; css=&#8221;.vc_custom_1478145466144{padding-top: 80px !important;padding-bottom: 80px !important;background-image: url(https:\/\/calbernadas.com\/wp-content\/uploads\/2016\/10\/CB_TR_HOME_capcalera-1.jpg?id=12481) !important;}&#8221;][vc_column width=&#8221;1\/6&#8243;][\/vc_column][vc_column width=&#8221;2\/3&#8243;][cs_custom_heading text=&#8221;Declaraci\u00f3 d\u2019accessibilitat&#8221; font_container=&#8221;tag:h1|font_size:40px|text_align:center|color:%23ffffff&#8221; font_format=&#8221;700&#8243; style=&#8221;style-none&#8221; el_class=&#8221;cm-tailor-title-site&#8221;][\/vc_column][vc_column width=&#8221;1\/6&#8243;][\/vc_column][\/vc_row][vc_row full_width=&#8221;stretch_row_content&#8221; css=&#8221;.vc_custom_1574090377491{padding-top: [&hellip;]<\/p>\n","protected":false},"author":1,"featured_media":0,"parent":0,"menu_order":0,"comment_status":"closed","ping_status":"closed","template":"","meta":{"footnotes":""},"yoast_head":"<!-- This site is optimized with the Yoast SEO plugin v21.5 - https:\/\/yoast.com\/wordpress\/plugins\/seo\/ -->\n<title>Declaraci\u00f3 d\u2019accessibilitat - Cal Bernad\u00e0s<\/title>\n<meta name=\"robots\" content=\"index, follow, max-snippet:-1, max-image-preview:large, max-video-preview:-1\" \/>\n<link rel=\"canonical\" href=\"https:\/\/calbernadas.com\/ca\/declaracio-daccessibilitat\/\" \/>\n<meta property=\"og:locale\" content=\"ca_ES\" \/>\n<meta property=\"og:type\" content=\"article\" \/>\n<meta property=\"og:title\" content=\"Declaraci\u00f3 d\u2019accessibilitat - Cal Bernad\u00e0s\" \/>\n<meta property=\"og:description\" content=\"[vc_row full_width=&#8221;stretch_row&#8221; css=&#8221;.vc_custom_1478145466144{padding-top: 80px !important;padding-bottom: 80px !important;background-image: url(https:\/\/calbernadas.com\/wp-content\/uploads\/2016\/10\/CB_TR_HOME_capcalera-1.jpg?id=12481) !important;}&#8221;][vc_column width=&#8221;1\/6&#8243;][\/vc_column][vc_column width=&#8221;2\/3&#8243;][cs_custom_heading text=&#8221;Declaraci\u00f3 d\u2019accessibilitat&#8221; font_container=&#8221;tag:h1|font_size:40px|text_align:center|color:%23ffffff&#8221; font_format=&#8221;700&#8243; style=&#8221;style-none&#8221; el_class=&#8221;cm-tailor-title-site&#8221;][\/vc_column][vc_column width=&#8221;1\/6&#8243;][\/vc_column][\/vc_row][vc_row full_width=&#8221;stretch_row_content&#8221; css=&#8221;.vc_custom_1574090377491{padding-top: [&hellip;]\" \/>\n<meta property=\"og:url\" content=\"https:\/\/calbernadas.com\/ca\/declaracio-daccessibilitat\/\" \/>\n<meta property=\"og:site_name\" content=\"Cal Bernad\u00e0s\" \/>\n<meta property=\"article:publisher\" content=\"https:\/\/www.facebook.com\/calbernadas\" \/>\n<meta property=\"article:modified_time\" content=\"2023-10-18T11:00:38+00:00\" \/>\n<meta name=\"twitter:card\" content=\"summary_large_image\" \/>\n<meta name=\"twitter:site\" content=\"@calbernadas\" \/>\n<meta name=\"twitter:label1\" content=\"Temps estimat de lectura\" \/>\n\t<meta name=\"twitter:data1\" content=\"2 minuts\" \/>\n<script type=\"application\/ld+json\" class=\"yoast-schema-graph\">{\"@context\":\"https:\/\/schema.org\",\"@graph\":[{\"@type\":\"WebPage\",\"@id\":\"https:\/\/calbernadas.com\/ca\/declaracio-daccessibilitat\/\",\"url\":\"https:\/\/calbernadas.com\/ca\/declaracio-daccessibilitat\/\",\"name\":\"Declaraci\u00f3 d\u2019accessibilitat - Cal Bernad\u00e0s\",\"isPartOf\":{\"@id\":\"https:\/\/calbernadas.com\/ca\/#website\"},\"datePublished\":\"2023-10-18T10:49:38+00:00\",\"dateModified\":\"2023-10-18T11:00:38+00:00\",\"breadcrumb\":{\"@id\":\"https:\/\/calbernadas.com\/ca\/declaracio-daccessibilitat\/#breadcrumb\"},\"inLanguage\":\"ca\",\"potentialAction\":[{\"@type\":\"ReadAction\",\"target\":[\"https:\/\/calbernadas.com\/ca\/declaracio-daccessibilitat\/\"]}]},{\"@type\":\"BreadcrumbList\",\"@id\":\"https:\/\/calbernadas.com\/ca\/declaracio-daccessibilitat\/#breadcrumb\",\"itemListElement\":[{\"@type\":\"ListItem\",\"position\":1,\"name\":\"Portada\",\"item\":\"https:\/\/calbernadas.com\/ca\/\"},{\"@type\":\"ListItem\",\"position\":2,\"name\":\"Declaraci\u00f3 d\u2019accessibilitat\"}]},{\"@type\":\"WebSite\",\"@id\":\"https:\/\/calbernadas.com\/ca\/#website\",\"url\":\"https:\/\/calbernadas.com\/ca\/\",\"name\":\"Cal Bernad\u00e0s\",\"description\":\"Turisme rural\",\"publisher\":{\"@id\":\"https:\/\/calbernadas.com\/ca\/#organization\"},\"potentialAction\":[{\"@type\":\"SearchAction\",\"target\":{\"@type\":\"EntryPoint\",\"urlTemplate\":\"https:\/\/calbernadas.com\/ca\/?s={search_term_string}\"},\"query-input\":\"required name=search_term_string\"}],\"inLanguage\":\"ca\"},{\"@type\":\"Organization\",\"@id\":\"https:\/\/calbernadas.com\/ca\/#organization\",\"name\":\"Cal Bernad\u00e0s\",\"url\":\"https:\/\/calbernadas.com\/ca\/\",\"logo\":{\"@type\":\"ImageObject\",\"inLanguage\":\"ca\",\"@id\":\"https:\/\/calbernadas.com\/ca\/#\/schema\/logo\/image\/\",\"url\":\"https:\/\/calbernadas.com\/wp-content\/uploads\/2017\/03\/logo_calbernadas2.png\",\"contentUrl\":\"https:\/\/calbernadas.com\/wp-content\/uploads\/2017\/03\/logo_calbernadas2.png\",\"width\":169,\"height\":156,\"caption\":\"Cal Bernad\u00e0s\"},\"image\":{\"@id\":\"https:\/\/calbernadas.com\/ca\/#\/schema\/logo\/image\/\"},\"sameAs\":[\"https:\/\/www.facebook.com\/calbernadas\",\"https:\/\/twitter.com\/calbernadas\",\"https:\/\/instagram.com\/calbernadas\/\",\"http:\/\/www.youtube.es\/calbernadas\"]}]}<\/script>\n<!-- \/ Yoast SEO plugin. -->","yoast_head_json":{"title":"Declaraci\u00f3 d\u2019accessibilitat - Cal Bernad\u00e0s","robots":{"index":"index","follow":"follow","max-snippet":"max-snippet:-1","max-image-preview":"max-image-preview:large","max-video-preview":"max-video-preview:-1"},"canonical":"https:\/\/calbernadas.com\/ca\/declaracio-daccessibilitat\/","og_locale":"ca_ES","og_type":"article","og_title":"Declaraci\u00f3 d\u2019accessibilitat - Cal Bernad\u00e0s","og_description":"[vc_row full_width=&#8221;stretch_row&#8221; css=&#8221;.vc_custom_1478145466144{padding-top: 80px !important;padding-bottom: 80px !important;background-image: url(https:\/\/calbernadas.com\/wp-content\/uploads\/2016\/10\/CB_TR_HOME_capcalera-1.jpg?id=12481) !important;}&#8221;][vc_column width=&#8221;1\/6&#8243;][\/vc_column][vc_column width=&#8221;2\/3&#8243;][cs_custom_heading text=&#8221;Declaraci\u00f3 d\u2019accessibilitat&#8221; font_container=&#8221;tag:h1|font_size:40px|text_align:center|color:%23ffffff&#8221; font_format=&#8221;700&#8243; style=&#8221;style-none&#8221; el_class=&#8221;cm-tailor-title-site&#8221;][\/vc_column][vc_column width=&#8221;1\/6&#8243;][\/vc_column][\/vc_row][vc_row full_width=&#8221;stretch_row_content&#8221; css=&#8221;.vc_custom_1574090377491{padding-top: [&hellip;]","og_url":"https:\/\/calbernadas.com\/ca\/declaracio-daccessibilitat\/","og_site_name":"Cal Bernad\u00e0s","article_publisher":"https:\/\/www.facebook.com\/calbernadas","article_modified_time":"2023-10-18T11:00:38+00:00","twitter_card":"summary_large_image","twitter_site":"@calbernadas","twitter_misc":{"Temps estimat de lectura":"2 minuts"},"schema":{"@context":"https:\/\/schema.org","@graph":[{"@type":"WebPage","@id":"https:\/\/calbernadas.com\/ca\/declaracio-daccessibilitat\/","url":"https:\/\/calbernadas.com\/ca\/declaracio-daccessibilitat\/","name":"Declaraci\u00f3 d\u2019accessibilitat - Cal Bernad\u00e0s","isPartOf":{"@id":"https:\/\/calbernadas.com\/ca\/#website"},"datePublished":"2023-10-18T10:49:38+00:00","dateModified":"2023-10-18T11:00:38+00:00","breadcrumb":{"@id":"https:\/\/calbernadas.com\/ca\/declaracio-daccessibilitat\/#breadcrumb"},"inLanguage":"ca","potentialAction":[{"@type":"ReadAction","target":["https:\/\/calbernadas.com\/ca\/declaracio-daccessibilitat\/"]}]},{"@type":"BreadcrumbList","@id":"https:\/\/calbernadas.com\/ca\/declaracio-daccessibilitat\/#breadcrumb","itemListElement":[{"@type":"ListItem","position":1,"name":"Portada","item":"https:\/\/calbernadas.com\/ca\/"},{"@type":"ListItem","position":2,"name":"Declaraci\u00f3 d\u2019accessibilitat"}]},{"@type":"WebSite","@id":"https:\/\/calbernadas.com\/ca\/#website","url":"https:\/\/calbernadas.com\/ca\/","name":"Cal Bernad\u00e0s","description":"Turisme rural","publisher":{"@id":"https:\/\/calbernadas.com\/ca\/#organization"},"potentialAction":[{"@type":"SearchAction","target":{"@type":"EntryPoint","urlTemplate":"https:\/\/calbernadas.com\/ca\/?s={search_term_string}"},"query-input":"required name=search_term_string"}],"inLanguage":"ca"},{"@type":"Organization","@id":"https:\/\/calbernadas.com\/ca\/#organization","name":"Cal Bernad\u00e0s","url":"https:\/\/calbernadas.com\/ca\/","logo":{"@type":"ImageObject","inLanguage":"ca","@id":"https:\/\/calbernadas.com\/ca\/#\/schema\/logo\/image\/","url":"https:\/\/calbernadas.com\/wp-content\/uploads\/2017\/03\/logo_calbernadas2.png","contentUrl":"https:\/\/calbernadas.com\/wp-content\/uploads\/2017\/03\/logo_calbernadas2.png","width":169,"height":156,"caption":"Cal Bernad\u00e0s"},"image":{"@id":"https:\/\/calbernadas.com\/ca\/#\/schema\/logo\/image\/"},"sameAs":["https:\/\/www.facebook.com\/calbernadas","https:\/\/twitter.com\/calbernadas","https:\/\/instagram.com\/calbernadas\/","http:\/\/www.youtube.es\/calbernadas"]}]}},"_links":{"self":[{"href":"https:\/\/calbernadas.com\/ca\/wp-json\/wp\/v2\/pages\/27217"}],"collection":[{"href":"https:\/\/calbernadas.com\/ca\/wp-json\/wp\/v2\/pages"}],"about":[{"href":"https:\/\/calbernadas.com\/ca\/wp-json\/wp\/v2\/types\/page"}],"author":[{"embeddable":true,"href":"https:\/\/calbernadas.com\/ca\/wp-json\/wp\/v2\/users\/1"}],"replies":[{"embeddable":true,"href":"https:\/\/calbernadas.com\/ca\/wp-json\/wp\/v2\/comments?post=27217"}],"version-history":[{"count":2,"href":"https:\/\/calbernadas.com\/ca\/wp-json\/wp\/v2\/pages\/27217\/revisions"}],"predecessor-version":[{"id":27227,"href":"https:\/\/calbernadas.com\/ca\/wp-json\/wp\/v2\/pages\/27217\/revisions\/27227"}],"wp:attachment":[{"href":"https:\/\/calbernadas.com\/ca\/wp-json\/wp\/v2\/media?parent=27217"}],"curies":[{"name":"wp","href":"https:\/\/api.w.org\/{rel}","templated":true}]}}